{"id":6186,"date":"2024-06-05T14:34:04","date_gmt":"2024-06-05T12:34:04","guid":{"rendered":"https:\/\/citadel-music-festival.de\/?page_id=6186"},"modified":"2024-06-05T14:35:04","modified_gmt":"2024-06-05T12:35:04","slug":"resident-information","status":"publish","type":"page","link":"https:\/\/new.citadel-music-festival.de\/en\/resident-information","title":{"rendered":"Resident information"},"content":{"rendered":"<p class=\"translation-block\">If you are a resident around the Citadel and experience an unacceptable noise level during one of the events, despite all technical precautions, please contact the responsible person on duty in this case at the following number: <a href=\"tel:+4917659894011\" target=\"_self\">+49 176 59894011<\/a>.<br><br>Please understand that the contact provided here is <strong><u>exclusively<\/u><\/strong> available for concerns from residents regarding the volume of a concert.<br>For questions regarding ticketing, admission rules, line-ups, times, or other questions concerning the Citadel or the events taking place, please contact our office at <a href=\"tel:+49307809980\" target=\"_self\">+49 30 780 99 80<\/a> or visit our websites at <a href=\"https:\/\/www.trinitymusic.de\" target=\"_blank\" rel=\"noreferrer noopener\">www.new.citadel-music-festival.de<\/a> and <a href=\"http:\/\/www.trinitymusic.de\" target=\"_self\">www.trinitymusic.de<\/a>.<\/p>","protected":false},"excerpt":{"rendered":"<p>Wenn sie Anwohner rund um die Zitadelle sind und sich w\u00e4hrend einer der Veranstaltungen, trotz aller technischen Vorkehrungen, ein f\u00fcr Sie nicht annehmbarer Ger\u00e4uschpegel ergeben &#8230; <a title=\"Resident information\" class=\"read-more\" href=\"https:\/\/new.citadel-music-festival.de\/en\/resident-information\" aria-label=\"Read more about Anwohnerinformationen\">Read more<\/a><\/p>","protected":false},"author":4,"featured_media":6188,"parent":0,"menu_order":0,"comment_status":"closed","ping_status":"closed","template":"","meta":{"_acf_changed":false,"footnotes":""},"class_list":["post-6186","page","type-page","status-publish","has-post-thumbnail"],"acf":[],"yoast_head":"<!-- This site is optimized with the Yoast SEO plugin v27.3 - https:\/\/yoast.com\/product\/yoast-seo-wordpress\/ -->\n<title>Anwohnerinformationen - Citadel Music Festival<\/title>\n<meta name=\"robots\" content=\"noindex, follow, max-snippet:-1, max-image-preview:large, max-video-preview:-1\" \/>\n<meta property=\"og:locale\" content=\"en_GB\" \/>\n<meta property=\"og:type\" content=\"article\" \/>\n<meta property=\"og:title\" content=\"Anwohnerinformationen - Citadel Music Festival\" \/>\n<meta property=\"og:description\" content=\"Wenn sie Anwohner rund um die Zitadelle sind und sich w\u00e4hrend einer der Veranstaltungen, trotz aller technischen Vorkehrungen, ein f\u00fcr Sie nicht annehmbarer Ger\u00e4uschpegel ergeben ... Read more\" \/>\n<meta property=\"og:url\" content=\"https:\/\/new.citadel-music-festival.de\/en\/resident-information\/\" \/>\n<meta property=\"og:site_name\" content=\"Citadel Music Festival\" \/>\n<meta property=\"article:publisher\" content=\"https:\/\/www.facebook.com\/citadelmusicfestival\/\" \/>\n<meta property=\"article:modified_time\" content=\"2024-06-05T12:35:04+00:00\" \/>\n<meta property=\"og:image\" content=\"https:\/\/new.citadel-music-festival.de\/wp-content\/uploads\/2024\/06\/anwohner-header.webp\" \/>\n\t<meta property=\"og:image:width\" content=\"1885\" \/>\n\t<meta property=\"og:image:height\" content=\"839\" \/>\n\t<meta property=\"og:image:type\" content=\"image\/webp\" \/>\n<meta name=\"twitter:card\" content=\"summary_large_image\" \/>\n<meta name=\"twitter:site\" content=\"@citadelmusic\" \/>\n<meta name=\"twitter:label1\" content=\"Estimated reading time\" \/>\n\t<meta name=\"twitter:data1\" content=\"1 minute\" \/>\n<script type=\"application\/ld+json\" class=\"yoast-schema-graph\">{\"@context\":\"https:\\\/\\\/schema.org\",\"@graph\":[{\"@type\":\"WebPage\",\"@id\":\"https:\\\/\\\/new.citadel-music-festival.de\\\/resident-information\",\"url\":\"https:\\\/\\\/new.citadel-music-festival.de\\\/resident-information\",\"name\":\"Anwohnerinformationen - Citadel Music Festival\",\"isPartOf\":{\"@id\":\"https:\\\/\\\/new.new.citadel-music-festival.de\\\/#website\"},\"primaryImageOfPage\":{\"@id\":\"https:\\\/\\\/new.citadel-music-festival.de\\\/resident-information#primaryimage\"},\"image\":{\"@id\":\"https:\\\/\\\/new.citadel-music-festival.de\\\/resident-information#primaryimage\"},\"thumbnailUrl\":\"https:\\\/\\\/new.citadel-music-festival.de\\\/wp-content\\\/uploads\\\/2024\\\/06\\\/anwohner-header.webp\",\"datePublished\":\"2024-06-05T12:34:04+00:00\",\"dateModified\":\"2024-06-05T12:35:04+00:00\",\"breadcrumb\":{\"@id\":\"https:\\\/\\\/new.citadel-music-festival.de\\\/resident-information#breadcrumb\"},\"inLanguage\":\"en-GB\",\"potentialAction\":[{\"@type\":\"ReadAction\",\"target\":[\"https:\\\/\\\/new.citadel-music-festival.de\\\/resident-information\"]}]},{\"@type\":\"ImageObject\",\"inLanguage\":\"en-GB\",\"@id\":\"https:\\\/\\\/new.citadel-music-festival.de\\\/resident-information#primaryimage\",\"url\":\"https:\\\/\\\/new.citadel-music-festival.de\\\/wp-content\\\/uploads\\\/2024\\\/06\\\/anwohner-header.webp\",\"contentUrl\":\"https:\\\/\\\/new.citadel-music-festival.de\\\/wp-content\\\/uploads\\\/2024\\\/06\\\/anwohner-header.webp\",\"width\":1885,\"height\":839},{\"@type\":\"BreadcrumbList\",\"@id\":\"https:\\\/\\\/new.citadel-music-festival.de\\\/resident-information#breadcrumb\",\"itemListElement\":[{\"@type\":\"ListItem\",\"position\":1,\"name\":\"Startseite\",\"item\":\"https:\\\/\\\/new.citadel-music-festival.de\\\/\"},{\"@type\":\"ListItem\",\"position\":2,\"name\":\"Anwohnerinformationen\"}]},{\"@type\":\"WebSite\",\"@id\":\"https:\\\/\\\/new.new.citadel-music-festival.de\\\/#website\",\"url\":\"https:\\\/\\\/new.new.citadel-music-festival.de\\\/\",\"name\":\"Citadel Music Festival\",\"description\":\"Das Berliner Sommer Open Air auf der Zitadelle Spandau\",\"publisher\":{\"@id\":\"https:\\\/\\\/new.new.citadel-music-festival.de\\\/#organization\"},\"potentialAction\":[{\"@type\":\"SearchAction\",\"target\":{\"@type\":\"EntryPoint\",\"urlTemplate\":\"https:\\\/\\\/new.new.citadel-music-festival.de\\\/?s={search_term_string}\"},\"query-input\":{\"@type\":\"PropertyValueSpecification\",\"valueRequired\":true,\"valueName\":\"search_term_string\"}}],\"inLanguage\":\"en-GB\"},{\"@type\":\"Organization\",\"@id\":\"https:\\\/\\\/new.new.citadel-music-festival.de\\\/#organization\",\"name\":\"Citadel Music Festival\",\"url\":\"https:\\\/\\\/new.new.citadel-music-festival.de\\\/\",\"logo\":{\"@type\":\"ImageObject\",\"inLanguage\":\"en-GB\",\"@id\":\"https:\\\/\\\/new.new.citadel-music-festival.de\\\/#\\\/schema\\\/logo\\\/image\\\/\",\"url\":\"https:\\\/\\\/new.citadel-music-festival.de\\\/wp-content\\\/uploads\\\/2023\\\/03\\\/cmf-logo.svg\",\"contentUrl\":\"https:\\\/\\\/new.citadel-music-festival.de\\\/wp-content\\\/uploads\\\/2023\\\/03\\\/cmf-logo.svg\",\"width\":520,\"height\":266,\"caption\":\"Citadel Music Festival\"},\"image\":{\"@id\":\"https:\\\/\\\/new.new.citadel-music-festival.de\\\/#\\\/schema\\\/logo\\\/image\\\/\"},\"sameAs\":[\"https:\\\/\\\/www.facebook.com\\\/citadelmusicfestival\\\/\",\"https:\\\/\\\/x.com\\\/citadelmusic\",\"https:\\\/\\\/instagram.com\\\/citadelmusicfestival\"]}]}<\/script>\n<!-- \/ Yoast SEO plugin. -->","yoast_head_json":{"title":"Anwohnerinformationen - Citadel Music Festival","robots":{"index":"noindex","follow":"follow","max-snippet":"max-snippet:-1","max-image-preview":"max-image-preview:large","max-video-preview":"max-video-preview:-1"},"og_locale":"en_GB","og_type":"article","og_title":"Anwohnerinformationen - Citadel Music Festival","og_description":"Wenn sie Anwohner rund um die Zitadelle sind und sich w\u00e4hrend einer der Veranstaltungen, trotz aller technischen Vorkehrungen, ein f\u00fcr Sie nicht annehmbarer Ger\u00e4uschpegel ergeben ... Read more","og_url":"https:\/\/new.citadel-music-festival.de\/en\/resident-information\/","og_site_name":"Citadel Music Festival","article_publisher":"https:\/\/www.facebook.com\/citadelmusicfestival\/","article_modified_time":"2024-06-05T12:35:04+00:00","og_image":[{"width":1885,"height":839,"url":"https:\/\/new.citadel-music-festival.de\/wp-content\/uploads\/2024\/06\/anwohner-header.webp","type":"image\/webp"}],"twitter_card":"summary_large_image","twitter_site":"@citadelmusic","twitter_misc":{"Estimated reading time":"1 minute"},"schema":{"@context":"https:\/\/schema.org","@graph":[{"@type":"WebPage","@id":"https:\/\/new.citadel-music-festival.de\/resident-information","url":"https:\/\/new.citadel-music-festival.de\/resident-information","name":"Anwohnerinformationen - Citadel Music Festival","isPartOf":{"@id":"https:\/\/new.new.citadel-music-festival.de\/#website"},"primaryImageOfPage":{"@id":"https:\/\/new.citadel-music-festival.de\/resident-information#primaryimage"},"image":{"@id":"https:\/\/new.citadel-music-festival.de\/resident-information#primaryimage"},"thumbnailUrl":"https:\/\/new.citadel-music-festival.de\/wp-content\/uploads\/2024\/06\/anwohner-header.webp","datePublished":"2024-06-05T12:34:04+00:00","dateModified":"2024-06-05T12:35:04+00:00","breadcrumb":{"@id":"https:\/\/new.citadel-music-festival.de\/resident-information#breadcrumb"},"inLanguage":"en-GB","potentialAction":[{"@type":"ReadAction","target":["https:\/\/new.citadel-music-festival.de\/resident-information"]}]},{"@type":"ImageObject","inLanguage":"en-GB","@id":"https:\/\/new.citadel-music-festival.de\/resident-information#primaryimage","url":"https:\/\/new.citadel-music-festival.de\/wp-content\/uploads\/2024\/06\/anwohner-header.webp","contentUrl":"https:\/\/new.citadel-music-festival.de\/wp-content\/uploads\/2024\/06\/anwohner-header.webp","width":1885,"height":839},{"@type":"BreadcrumbList","@id":"https:\/\/new.citadel-music-festival.de\/resident-information#breadcrumb","itemListElement":[{"@type":"ListItem","position":1,"name":"Startseite","item":"https:\/\/new.citadel-music-festival.de\/"},{"@type":"ListItem","position":2,"name":"Anwohnerinformationen"}]},{"@type":"WebSite","@id":"https:\/\/new.new.citadel-music-festival.de\/#website","url":"https:\/\/new.new.citadel-music-festival.de\/","name":"Citadel Music Festival","description":"Das Berliner Sommer Open Air auf der Zitadelle Spandau","publisher":{"@id":"https:\/\/new.new.citadel-music-festival.de\/#organization"},"potentialAction":[{"@type":"SearchAction","target":{"@type":"EntryPoint","urlTemplate":"https:\/\/new.new.citadel-music-festival.de\/?s={search_term_string}"},"query-input":{"@type":"PropertyValueSpecification","valueRequired":true,"valueName":"search_term_string"}}],"inLanguage":"en-GB"},{"@type":"Organization","@id":"https:\/\/new.new.citadel-music-festival.de\/#organization","name":"Citadel Music Festival","url":"https:\/\/new.new.citadel-music-festival.de\/","logo":{"@type":"ImageObject","inLanguage":"en-GB","@id":"https:\/\/new.new.citadel-music-festival.de\/#\/schema\/logo\/image\/","url":"https:\/\/new.citadel-music-festival.de\/wp-content\/uploads\/2023\/03\/cmf-logo.svg","contentUrl":"https:\/\/new.citadel-music-festival.de\/wp-content\/uploads\/2023\/03\/cmf-logo.svg","width":520,"height":266,"caption":"Citadel Music Festival"},"image":{"@id":"https:\/\/new.new.citadel-music-festival.de\/#\/schema\/logo\/image\/"},"sameAs":["https:\/\/www.facebook.com\/citadelmusicfestival\/","https:\/\/x.com\/citadelmusic","https:\/\/instagram.com\/citadelmusicfestival"]}]}},"_links":{"self":[{"href":"https:\/\/new.citadel-music-festival.de\/en\/wp-json\/wp\/v2\/pages\/6186","targetHints":{"allow":["GET"]}}],"collection":[{"href":"https:\/\/new.citadel-music-festival.de\/en\/wp-json\/wp\/v2\/pages"}],"about":[{"href":"https:\/\/new.citadel-music-festival.de\/en\/wp-json\/wp\/v2\/types\/page"}],"author":[{"embeddable":true,"href":"https:\/\/new.citadel-music-festival.de\/en\/wp-json\/wp\/v2\/users\/4"}],"replies":[{"embeddable":true,"href":"https:\/\/new.citadel-music-festival.de\/en\/wp-json\/wp\/v2\/comments?post=6186"}],"version-history":[{"count":2,"href":"https:\/\/new.citadel-music-festival.de\/en\/wp-json\/wp\/v2\/pages\/6186\/revisions"}],"predecessor-version":[{"id":6189,"href":"https:\/\/new.citadel-music-festival.de\/en\/wp-json\/wp\/v2\/pages\/6186\/revisions\/6189"}],"wp:featuredmedia":[{"embeddable":true,"href":"https:\/\/new.citadel-music-festival.de\/en\/wp-json\/wp\/v2\/media\/6188"}],"wp:attachment":[{"href":"https:\/\/new.citadel-music-festival.de\/en\/wp-json\/wp\/v2\/media?parent=6186"}],"curies":[{"name":"wp","href":"https:\/\/api.w.org\/{rel}","templated":true}]}}